{"id":15,"date":"2025-04-28T21:01:40","date_gmt":"2025-04-28T19:01:40","guid":{"rendered":"https:\/\/zrzeszenierybakow.pl\/?page_id=15"},"modified":"2025-05-03T21:09:56","modified_gmt":"2025-05-03T19:09:56","slug":"pare-slow-o-zrzeszeniu","status":"publish","type":"page","link":"https:\/\/zrzeszenierybakow.pl\/?page_id=15","title":{"rendered":"Par\u0119 s\u0142\u00f3w o Zrzeszeniu"},"content":{"rendered":"\n<div class=\"wp-block-group alignfull has-global-padding is-layout-constrained wp-container-core-group-is-layout-d89aad35 wp-block-group-is-layout-constrained\" style=\"margin-top:0;margin-bottom:0;padding-top:var(--wp--preset--spacing--50);padding-right:var(--wp--preset--spacing--50);padding-bottom:var(--wp--preset--spacing--50);padding-left:var(--wp--preset--spacing--50)\">\n<div class=\"wp-block-columns alignwide are-vertically-aligned-center is-layout-flex wp-container-core-columns-is-layout-47c06fe3 wp-block-columns-is-layout-flex\">\n<div class=\"wp-block-column is-vertically-aligned-center is-layout-flow wp-block-column-is-layout-flow\" style=\"flex-basis:50%\">\n<h2 class=\"wp-block-heading\">Lata dziewi\u0119\u0107dziesi\u0105te<\/h2>\n\n\n\n<p>Na pocz\u0105tku lat 90-tych po zmianach polityczno-gospodarczych w Polsce nadszed\u0142 czas na zmiany w rybo\u0142\u00f3wstwie. Rybacy zgrupowani w sp\u00f3\u0142dzielniach zostali rozcz\u0142onkowani na ma\u0142e firmy prywatne, oddalaj\u0105ce si\u0119 od siebie i maj\u0105ce nierzadko sprzeczne interesy. Wtedy to wyst\u0105pi\u0142a potrzeba zawi\u0105zania organizacji reprezentuj\u0105cej rybak\u00f3w, maj\u0105cej jednocze\u015bnie struktur\u0119 apolityczn\u0105.<\/p>\n<\/div>\n\n\n\n<div class=\"wp-block-column is-vertically-aligned-center is-layout-flow wp-block-column-is-layout-flow\" style=\"flex-basis:50%\">\n<figure class=\"wp-block-image size-full is-style-rounded is-style-rounded--1\"><img loading=\"lazy\" decoding=\"async\" width=\"1000\" height=\"704\" src=\"https:\/\/zrzeszenierybakow.pl\/wp-content\/uploads\/2025\/04\/protest_-_blokada_toru_wodnego_2_20100721_1644803550.jpg\" alt=\"\" class=\"wp-image-122\" style=\"aspect-ratio:4\/3;object-fit:cover\" srcset=\"https:\/\/zrzeszenierybakow.pl\/wp-content\/uploads\/2025\/04\/protest_-_blokada_toru_wodnego_2_20100721_1644803550.jpg 1000w, https:\/\/zrzeszenierybakow.pl\/wp-content\/uploads\/2025\/04\/protest_-_blokada_toru_wodnego_2_20100721_1644803550-300x211.jpg 300w, https:\/\/zrzeszenierybakow.pl\/wp-content\/uploads\/2025\/04\/protest_-_blokada_toru_wodnego_2_20100721_1644803550-768x541.jpg 768w\" sizes=\"auto, (max-width: 1000px) 100vw, 1000px\" \/><\/figure>\n<\/div>\n<\/div>\n<\/div>\n\n\n\n<div class=\"wp-block-group alignfull has-base-background-color has-background has-global-padding is-layout-constrained wp-container-core-group-is-layout-d89aad35 wp-block-group-is-layout-constrained\" style=\"margin-top:0;margin-bottom:0;padding-top:var(--wp--preset--spacing--50);padding-right:var(--wp--preset--spacing--50);padding-bottom:var(--wp--preset--spacing--50);padding-left:var(--wp--preset--spacing--50)\">\n<div class=\"wp-block-columns alignwide is-layout-flex wp-container-core-columns-is-layout-549b0c86 wp-block-columns-is-layout-flex\">\n<div class=\"wp-block-column is-layout-flow wp-block-column-is-layout-flow\">\n<figure class=\"wp-block-image size-full is-style-rounded is-style-rounded--2\"><img loading=\"lazy\" decoding=\"async\" width=\"1000\" height=\"697\" src=\"https:\/\/zrzeszenierybakow.pl\/wp-content\/uploads\/2025\/04\/protest_-_blokada_toru_wodnego_13_20100721_1553669196.jpg\" alt=\"\" class=\"wp-image-121\" srcset=\"https:\/\/zrzeszenierybakow.pl\/wp-content\/uploads\/2025\/04\/protest_-_blokada_toru_wodnego_13_20100721_1553669196.jpg 1000w, https:\/\/zrzeszenierybakow.pl\/wp-content\/uploads\/2025\/04\/protest_-_blokada_toru_wodnego_13_20100721_1553669196-300x209.jpg 300w, https:\/\/zrzeszenierybakow.pl\/wp-content\/uploads\/2025\/04\/protest_-_blokada_toru_wodnego_13_20100721_1553669196-768x535.jpg 768w\" sizes=\"auto, (max-width: 1000px) 100vw, 1000px\" \/><\/figure>\n<\/div>\n\n\n\n<div class=\"wp-block-column is-layout-flow wp-container-core-column-is-layout-119bc444 wp-block-column-is-layout-flow\" style=\"flex-basis:60%\">\n<p class=\"has-heading-font-family has-x-large-font-size\" style=\"line-height:1.2\">Rejestracja Zrzeszenia 15 czerwca 1994<\/p>\n\n\n\n<div class=\"wp-block-columns is-layout-flex wp-container-core-columns-is-layout-87beb0d0 wp-block-columns-is-layout-flex\">\n<div class=\"wp-block-column is-layout-flow wp-block-column-is-layout-flow\">\n<p class=\"wp-container-content-9cfa9a5a\">Na mocy porozumienia z rybakami z baz: Trzebie\u017c, Sto\u0142czyn, D\u0105bie, Kamie\u0144 Pomorski, Wolin, Lubin i Karsib\u00f3r w dniu 17 kwietnia 1994 roku odby\u0142o si\u0119 Zebranie Za\u0142o\u017cycielskie, na kt\u00f3rym uchwalono: statut, nazw\u0119 i struktur\u0119 organizacji rybackiej. W sk\u0142ad Komitetu Za\u0142o\u017cycielskiego weszli: Mieczys\u0142aw Szel\u0105g, Zdzis\u0142aw Pawe\u0142ek i Czes\u0142aw Bochowicz.<\/p>\n<\/div>\n\n\n\n<div class=\"wp-block-column is-layout-flow wp-block-column-is-layout-flow\">\n<p>Dnia 15 czerwca 1994 roku w S\u0105dzie Wojew\u00f3dzkim w Szczecinie zosta\u0142o zarejestrowane stowarzyszenie pod nazw\u0105 Zrzeszenie Rybak\u00f3w Zalew\u00f3w Szczeci\u0144skiego, Kamie\u0144skiego i Jeziora D\u0105bie z siedzib\u0105 w Trzebie\u017cy .<\/p>\n<\/div>\n<\/div>\n<\/div>\n<\/div>\n<\/div>\n\n\n\n<div class=\"wp-block-group alignfull has-global-padding is-layout-constrained wp-container-core-group-is-layout-d89aad35 wp-block-group-is-layout-constrained\" style=\"margin-top:0;margin-bottom:0;padding-top:var(--wp--preset--spacing--50);padding-right:var(--wp--preset--spacing--50);padding-bottom:var(--wp--preset--spacing--50);padding-left:var(--wp--preset--spacing--50)\">\n<div class=\"wp-block-columns alignwide are-vertically-aligned-center is-layout-flex wp-container-core-columns-is-layout-47c06fe3 wp-block-columns-is-layout-flex\">\n<div class=\"wp-block-column is-vertically-aligned-center is-layout-flow wp-block-column-is-layout-flow\" style=\"flex-basis:50%\">\n<h2 class=\"wp-block-heading\">Pierwsze walne zebranie<\/h2>\n\n\n\n<p>Pierwsze Walne Zgromadzenie odby\u0142o si\u0119 3 lipca 1994 r., podczas kt\u00f3rego om\u00f3wiono kierunki i zakres prac oraz wybrano Rad\u0119. Prezesem zrzeszenia zosta\u0142 Mieczys\u0142aw Szel\u0105g. W sk\u0142ad zrzeszenia wesz\u0142o 140 cz\u0142onk\u00f3w, b\u0119d\u0105cych czynnymi zawodowo rybakami.<\/p>\n<\/div>\n\n\n\n<div class=\"wp-block-column is-vertically-aligned-center is-layout-flow wp-block-column-is-layout-flow\" style=\"flex-basis:50%\">\n<figure class=\"wp-block-image size-full is-style-rounded is-style-rounded--3\"><img loading=\"lazy\" decoding=\"async\" width=\"1355\" height=\"907\" src=\"https:\/\/zrzeszenierybakow.pl\/wp-content\/uploads\/2025\/04\/walne_zebranie_20110209_1135859539.jpg\" alt=\"\" class=\"wp-image-28\" style=\"aspect-ratio:4\/3;object-fit:cover\" srcset=\"https:\/\/zrzeszenierybakow.pl\/wp-content\/uploads\/2025\/04\/walne_zebranie_20110209_1135859539.jpg 1355w, https:\/\/zrzeszenierybakow.pl\/wp-content\/uploads\/2025\/04\/walne_zebranie_20110209_1135859539-300x201.jpg 300w, https:\/\/zrzeszenierybakow.pl\/wp-content\/uploads\/2025\/04\/walne_zebranie_20110209_1135859539-1024x685.jpg 1024w, https:\/\/zrzeszenierybakow.pl\/wp-content\/uploads\/2025\/04\/walne_zebranie_20110209_1135859539-768x514.jpg 768w\" sizes=\"auto, (max-width: 1355px) 100vw, 1355px\" \/><\/figure>\n<\/div>\n<\/div>\n<\/div>\n\n\n\n<div class=\"wp-block-group alignfull has-base-background-color has-background has-global-padding is-layout-constrained wp-container-core-group-is-layout-d89aad35 wp-block-group-is-layout-constrained\" style=\"margin-top:0;margin-bottom:0;padding-top:var(--wp--preset--spacing--50);padding-right:var(--wp--preset--spacing--50);padding-bottom:var(--wp--preset--spacing--50);padding-left:var(--wp--preset--spacing--50)\">\n<div class=\"wp-block-columns alignwide is-layout-flex wp-container-core-columns-is-layout-549b0c86 wp-block-columns-is-layout-flex\">\n<div class=\"wp-block-column is-layout-flow wp-block-column-is-layout-flow\">\n<figure class=\"wp-block-image size-full is-style-rounded is-style-rounded--4\"><img loading=\"lazy\" decoding=\"async\" width=\"900\" height=\"602\" src=\"https:\/\/zrzeszenierybakow.pl\/wp-content\/uploads\/2025\/04\/fotograf_-_tadeusz_alksnin_11_20100721_1325718491.jpg\" alt=\"\" class=\"wp-image-139\" srcset=\"https:\/\/zrzeszenierybakow.pl\/wp-content\/uploads\/2025\/04\/fotograf_-_tadeusz_alksnin_11_20100721_1325718491.jpg 900w, https:\/\/zrzeszenierybakow.pl\/wp-content\/uploads\/2025\/04\/fotograf_-_tadeusz_alksnin_11_20100721_1325718491-300x201.jpg 300w, https:\/\/zrzeszenierybakow.pl\/wp-content\/uploads\/2025\/04\/fotograf_-_tadeusz_alksnin_11_20100721_1325718491-768x514.jpg 768w\" sizes=\"auto, (max-width: 900px) 100vw, 900px\" \/><figcaption class=\"wp-element-caption\">SONY DSC<\/figcaption><\/figure>\n<\/div>\n\n\n\n<div class=\"wp-block-column is-layout-flow wp-container-core-column-is-layout-119bc444 wp-block-column-is-layout-flow\" style=\"flex-basis:60%\">\n<p class=\"has-heading-font-family has-x-large-font-size\" style=\"line-height:1.2\">Pocz\u0105tki XXI wieku<\/p>\n\n\n\n<div class=\"wp-block-columns is-layout-flex wp-container-core-columns-is-layout-87beb0d0 wp-block-columns-is-layout-flex\">\n<div class=\"wp-block-column is-layout-flow wp-block-column-is-layout-flow\">\n<p class=\"wp-container-content-9cfa9a5a\">Na skutek z\u0142omowania cz\u0119\u015bci floty rybackiej liczba cz\u0142onk\u00f3w zrzeszenia zmniejsza\u0142a si\u0119 jednak jednak zrzeszenie pozyska\u0142o nowych rybak\u00f3w z bazy Stepnica i Nowe Warpno.<br>W roku 2016 liczba cz\u0142onk\u00f3w liczy\u0142a 72 osoby.<\/p>\n<\/div>\n\n\n\n<div class=\"wp-block-column is-layout-flow wp-block-column-is-layout-flow\">\n<p>Obecnie&#8230; liczba cz\u0142onk\u00f3w to liczba cz\u0142onk\u00f3w zrzeszenia zmniejsza\u0142a si\u0119 jednak jednak zrzeszenie pozyska\u0142o nowych rybak\u00f3w z bazy Stepnica i Nowe Warpno.<br>W roku 2016 liczba cz\u0142onk\u00f3w liczy\u0142a 72 osoby.<\/p>\n<\/div>\n<\/div>\n<\/div>\n<\/div>\n<\/div>\n\n\n\n<div class=\"wp-block-group alignfull has-global-padding is-layout-constrained wp-container-core-group-is-layout-d89aad35 wp-block-group-is-layout-constrained\" style=\"margin-top:0;margin-bottom:0;padding-top:var(--wp--preset--spacing--50);padding-right:var(--wp--preset--spacing--50);padding-bottom:var(--wp--preset--spacing--50);padding-left:var(--wp--preset--spacing--50)\">\n<div class=\"wp-block-columns alignwide are-vertically-aligned-center is-layout-flex wp-container-core-columns-is-layout-47c06fe3 wp-block-columns-is-layout-flex\">\n<div class=\"wp-block-column is-vertically-aligned-center is-layout-flow wp-block-column-is-layout-flow\" style=\"flex-basis:50%\">\n<h2 class=\"wp-block-heading\">Zakres kompetencji<\/h2>\n\n\n\n<p>Rada Zrzeszenia, kt\u00f3ra ka\u017cdego roku powo\u0142ywana jest na Walnym Zgromadzeniu kieruje prac\u0105 ca\u0142ego stowarzyszenia.<\/p>\n\n\n\n<p>&nbsp;Jej przedstawiciele bior\u0105 udzia\u0142 w spotkaniach w :<\/p>\n\n\n\n<ul class=\"wp-block-list\">\n<li>Departamencie Rybo\u0142\u00f3wstwa,<\/li>\n\n\n\n<li>Okr\u0119gowym Inspektoracie w Szczecinie,<\/li>\n\n\n\n<li>Morskim Instytucie Rybactwa w Gdyni,<\/li>\n\n\n\n<li>Komisji Zarybieniowej w Gda\u0144sku.<\/li>\n\n\n\n<li>innych organizacji rybackich<\/li>\n<\/ul>\n<\/div>\n\n\n\n<div class=\"wp-block-column is-vertically-aligned-center is-layout-flow wp-block-column-is-layout-flow\" style=\"flex-basis:50%\">\n<figure class=\"wp-block-image size-full is-style-rounded is-style-rounded--5\"><img loading=\"lazy\" decoding=\"async\" width=\"900\" height=\"602\" src=\"https:\/\/zrzeszenierybakow.pl\/wp-content\/uploads\/2025\/04\/fotograf_-_tadeusz_alksnin_15_20100721_1645943607.jpg\" alt=\"\" class=\"wp-image-154\" style=\"aspect-ratio:4\/3;object-fit:cover\" srcset=\"https:\/\/zrzeszenierybakow.pl\/wp-content\/uploads\/2025\/04\/fotograf_-_tadeusz_alksnin_15_20100721_1645943607.jpg 900w, https:\/\/zrzeszenierybakow.pl\/wp-content\/uploads\/2025\/04\/fotograf_-_tadeusz_alksnin_15_20100721_1645943607-300x201.jpg 300w, https:\/\/zrzeszenierybakow.pl\/wp-content\/uploads\/2025\/04\/fotograf_-_tadeusz_alksnin_15_20100721_1645943607-768x514.jpg 768w\" sizes=\"auto, (max-width: 900px) 100vw, 900px\" \/><\/figure>\n<\/div>\n<\/div>\n<\/div>\n\n\n\n<div class=\"wp-block-group alignfull has-base-background-color has-background has-global-padding is-layout-constrained wp-container-core-group-is-layout-d89aad35 wp-block-group-is-layout-constrained\" style=\"margin-top:0;margin-bottom:0;padding-top:var(--wp--preset--spacing--50);padding-right:var(--wp--preset--spacing--50);padding-bottom:var(--wp--preset--spacing--50);padding-left:var(--wp--preset--spacing--50)\">\n<div class=\"wp-block-columns alignwide is-layout-flex wp-container-core-columns-is-layout-549b0c86 wp-block-columns-is-layout-flex\">\n<div class=\"wp-block-column is-layout-flow wp-block-column-is-layout-flow\">\n<figure class=\"wp-block-image size-full is-style-rounded is-style-rounded--6\"><img loading=\"lazy\" decoding=\"async\" width=\"2560\" height=\"1714\" src=\"https:\/\/zrzeszenierybakow.pl\/wp-content\/uploads\/2025\/04\/1b_1-scaled.jpg\" alt=\"\" class=\"wp-image-173\" style=\"aspect-ratio:2\/3;object-fit:cover\" srcset=\"https:\/\/zrzeszenierybakow.pl\/wp-content\/uploads\/2025\/04\/1b_1-scaled.jpg 2560w, https:\/\/zrzeszenierybakow.pl\/wp-content\/uploads\/2025\/04\/1b_1-300x201.jpg 300w, https:\/\/zrzeszenierybakow.pl\/wp-content\/uploads\/2025\/04\/1b_1-1024x685.jpg 1024w, https:\/\/zrzeszenierybakow.pl\/wp-content\/uploads\/2025\/04\/1b_1-768x514.jpg 768w, https:\/\/zrzeszenierybakow.pl\/wp-content\/uploads\/2025\/04\/1b_1-1536x1028.jpg 1536w, https:\/\/zrzeszenierybakow.pl\/wp-content\/uploads\/2025\/04\/1b_1-2048x1371.jpg 2048w\" sizes=\"auto, (max-width: 2560px) 100vw, 2560px\" \/><figcaption class=\"wp-element-caption\">SONY DSC<\/figcaption><\/figure>\n<\/div>\n\n\n\n<div class=\"wp-block-column is-layout-flow wp-container-core-column-is-layout-119bc444 wp-block-column-is-layout-flow\" style=\"flex-basis:60%\">\n<p class=\"has-heading-font-family has-x-large-font-size\" style=\"line-height:1.2\">Inne przedsi\u0119wzi\u0119cia<\/p>\n\n\n\n<div class=\"wp-block-columns is-layout-flex wp-container-core-columns-is-layout-87beb0d0 wp-block-columns-is-layout-flex\">\n<div class=\"wp-block-column is-layout-flow wp-block-column-is-layout-flow\">\n<p class=\"wp-container-content-9cfa9a5a\">Ponadto uczestniczymy w projekcie \u201ePartnerstwa dla Ba\u0142tyku\u201d organizowanego przez Stowarzyszenie Ekologiczne EKO-UNIA. Z.R.Z.SZ.K.i J.D jest w sta\u0142ym kontakcie z Zachodniopomorskim Uniwersytetem Technologicznym, a tak\u017ce z Towarzystwem Przyjaci\u00f3\u0142 Rzeki Iny i Gowienicy.<\/p>\n\n\n\n<p class=\"wp-container-content-9cfa9a5a\">Od marca 2010 roku, przedstawiciel Z.R.Z.SZ.K.i J.D bierze czynny udzia\u0142 w nowo powsta\u0142ym \u201eZespole ds. przyznawania zdolno\u015bci po\u0142owowej\u201d przy M.R. i R.W. w Warszawie, kt\u00f3rego zadaniem jest rozdzielanie dodatkowych zapotrzebowa\u0144 na GT i KW jednostek rybackich.<\/p>\n<\/div>\n\n\n\n<div class=\"wp-block-column is-layout-flow wp-block-column-is-layout-flow\">\n<p>G\u0142\u00f3wnym zadaniem zrzeszenia jest zwr\u00f3cenie uwagi na problemy rybo\u0142\u00f3wstwa,<\/p>\n\n\n\n<p>promocja coraz mniej popularnego rzemios\u0142a rybackiego oraz wypracowanie rozs\u0105dnej i zr\u00f3wnowa\u017conej d\u0142ugofalowej polityki rybackiej.<\/p>\n\n\n\n<p>Skupiamy wok\u00f3\u0142 siebie ludzi, dla kt\u00f3rych rybo\u0142\u00f3wstwo to co\u015b wi\u0119cej ni\u017c tylko obs\u0142uga i wybieranie ryb z sieci, to spos\u00f3b na \u017cycie i nierzadko tradycje rodzinne.<\/p>\n<\/div>\n<\/div>\n<\/div>\n<\/div>\n<\/div>\n\n\n\n<div class=\"wp-block-group alignfull has-global-padding is-layout-constrained wp-container-core-group-is-layout-d89aad35 wp-block-group-is-layout-constrained\" style=\"margin-top:0;margin-bottom:0;padding-top:var(--wp--preset--spacing--50);padding-right:var(--wp--preset--spacing--50);padding-bottom:var(--wp--preset--spacing--50);padding-left:var(--wp--preset--spacing--50)\"><\/div>\n","protected":false},"excerpt":{"rendered":"<p>Lata dziewi\u0119\u0107dziesi\u0105te Na pocz\u0105tku lat 90-tych po zmianach polityczno-gospodarczych w Polsce nadszed\u0142 czas na zmiany w rybo\u0142\u00f3wstwie. Rybacy zgrupowani w sp\u00f3\u0142dzielniach zostali rozcz\u0142onkowani na ma\u0142e firmy prywatne, oddalaj\u0105ce si\u0119 od siebie i maj\u0105ce nierzadko sprzeczne interesy. Wtedy to wyst\u0105pi\u0142a potrzeba zawi\u0105zania organizacji reprezentuj\u0105cej rybak\u00f3w, maj\u0105cej jednocze\u015bnie struktur\u0119 apolityczn\u0105. Rejestracja Zrzeszenia 15 czerwca 1994 Na mocy [&hellip;]<\/p>\n","protected":false},"author":1,"featured_media":0,"parent":0,"menu_order":0,"comment_status":"closed","ping_status":"closed","template":"","meta":{"footnotes":""},"class_list":["post-15","page","type-page","status-publish","hentry"],"_links":{"self":[{"href":"https:\/\/zrzeszenierybakow.pl\/index.php?rest_route=\/wp\/v2\/pages\/15","targetHints":{"allow":["GET"]}}],"collection":[{"href":"https:\/\/zrzeszenierybakow.pl\/index.php?rest_route=\/wp\/v2\/pages"}],"about":[{"href":"https:\/\/zrzeszenierybakow.pl\/index.php?rest_route=\/wp\/v2\/types\/page"}],"author":[{"embeddable":true,"href":"https:\/\/zrzeszenierybakow.pl\/index.php?rest_route=\/wp\/v2\/users\/1"}],"replies":[{"embeddable":true,"href":"https:\/\/zrzeszenierybakow.pl\/index.php?rest_route=%2Fwp%2Fv2%2Fcomments&post=15"}],"version-history":[{"count":10,"href":"https:\/\/zrzeszenierybakow.pl\/index.php?rest_route=\/wp\/v2\/pages\/15\/revisions"}],"predecessor-version":[{"id":240,"href":"https:\/\/zrzeszenierybakow.pl\/index.php?rest_route=\/wp\/v2\/pages\/15\/revisions\/240"}],"wp:attachment":[{"href":"https:\/\/zrzeszenierybakow.pl\/index.php?rest_route=%2Fwp%2Fv2%2Fmedia&parent=15"}],"curies":[{"name":"wp","href":"https:\/\/api.w.org\/{rel}","templated":true}]}}