{"id":243,"date":"2025-05-04T18:38:51","date_gmt":"2025-05-04T16:38:51","guid":{"rendered":"https:\/\/zrzeszenierybakow.pl\/?page_id=243"},"modified":"2025-09-12T12:33:03","modified_gmt":"2025-09-12T10:33:03","slug":"projekty","status":"publish","type":"page","link":"https:\/\/zrzeszenierybakow.pl\/?page_id=243","title":{"rendered":"Projekty"},"content":{"rendered":"\n<figure class=\"wp-block-image size-large\"><img loading=\"lazy\" decoding=\"async\" width=\"1024\" height=\"563\" src=\"https:\/\/zrzeszenierybakow.pl\/wp-content\/uploads\/2025\/09\/Wolin-1024x563.jpg\" alt=\"\" class=\"wp-image-301\" srcset=\"https:\/\/zrzeszenierybakow.pl\/wp-content\/uploads\/2025\/09\/Wolin-1024x563.jpg 1024w, https:\/\/zrzeszenierybakow.pl\/wp-content\/uploads\/2025\/09\/Wolin-300x165.jpg 300w, https:\/\/zrzeszenierybakow.pl\/wp-content\/uploads\/2025\/09\/Wolin-768x423.jpg 768w, https:\/\/zrzeszenierybakow.pl\/wp-content\/uploads\/2025\/09\/Wolin.jpg 1076w\" sizes=\"auto, (max-width: 1024px) 100vw, 1024px\" \/><\/figure>\n\n\n\n<div class=\"wp-block-columns is-layout-flex wp-container-core-columns-is-layout-28f84493 wp-block-columns-is-layout-flex\">\n<div class=\"wp-block-column is-layout-flow wp-block-column-is-layout-flow\">\n<figure class=\"wp-block-gallery has-nested-images columns-default is-cropped wp-block-gallery-1 is-layout-flex wp-block-gallery-is-layout-flex\">\n<figure class=\"wp-block-image size-large\"><img loading=\"lazy\" decoding=\"async\" width=\"191\" height=\"70\" data-id=\"304\" src=\"https:\/\/zrzeszenierybakow.pl\/wp-content\/uploads\/2025\/09\/Wolin1.jpg\" alt=\"\" class=\"wp-image-304\"\/><\/figure>\n<\/figure>\n<\/div>\n\n\n\n<div class=\"wp-block-column is-layout-flow wp-block-column-is-layout-flow\">\n<figure class=\"wp-block-image aligncenter size-full is-resized\"><img loading=\"lazy\" decoding=\"async\" width=\"271\" height=\"330\" src=\"https:\/\/zrzeszenierybakow.pl\/wp-content\/uploads\/2025\/09\/Wolin3.png\" alt=\"\" class=\"wp-image-306\" style=\"width:65px;height:auto\" srcset=\"https:\/\/zrzeszenierybakow.pl\/wp-content\/uploads\/2025\/09\/Wolin3.png 271w, https:\/\/zrzeszenierybakow.pl\/wp-content\/uploads\/2025\/09\/Wolin3-246x300.png 246w\" sizes=\"auto, (max-width: 271px) 100vw, 271px\" \/><\/figure>\n<\/div>\n\n\n\n<div class=\"wp-block-column is-layout-flow wp-block-column-is-layout-flow\">\n<figure class=\"wp-block-image alignright size-full is-resized\"><img loading=\"lazy\" decoding=\"async\" width=\"947\" height=\"614\" src=\"https:\/\/zrzeszenierybakow.pl\/wp-content\/uploads\/2025\/09\/zrzeszenie-logo-krzywe.png\" alt=\"\" class=\"wp-image-307\" style=\"width:117px;height:auto\" srcset=\"https:\/\/zrzeszenierybakow.pl\/wp-content\/uploads\/2025\/09\/zrzeszenie-logo-krzywe.png 947w, https:\/\/zrzeszenierybakow.pl\/wp-content\/uploads\/2025\/09\/zrzeszenie-logo-krzywe-300x195.png 300w, https:\/\/zrzeszenierybakow.pl\/wp-content\/uploads\/2025\/09\/zrzeszenie-logo-krzywe-768x498.png 768w\" sizes=\"auto, (max-width: 947px) 100vw, 947px\" \/><\/figure>\n<\/div>\n<\/div>\n\n\n\n<p><strong>Kampania edukacyjno-promocyjna \u201eWolin z ryb\u0105 na talerzu\u201d wsp\u00f3\u0142finansowana jest ze \u015brodk\u00f3w Unii Europejskiej, w ramach programu \u201eFundusze Europejskie dla Rybactwa na lata 2021-2027\u201d<\/strong><\/p>\n\n\n\n<p>Operacja dotyczy przeprowadzenia kampanii edukacyjno \u2013 promocyjno \u2013 informuj\u0105cej poprzez edukacj\u0119, og\u00f3lnopolsk\u0105 promocj\u0119 w TV, radiu i internecie oraz poprzez sport i eventy.<\/p>\n\n\n\n<p>Celem kampanii jest promocja wiedzy na temat ryb \u017cyj\u0105cych w polskich wodach, tak aby zwi\u0119ksza\u0107 w m\u0142odych ludziach \u015bwiadomo\u015b\u0107 na temat rodzimych akwen\u00f3w wodnych wraz z \u017cyj\u0105cymi w nich organizmami, a przez to wp\u0142ywa\u0107 na ich przysz\u0142e, \u015bwiadome wybory \u017cywieniowe. To r\u00f3wnie\u017c ch\u0119\u0107 zwr\u00f3cenia uwagi na zdrowy tryb \u017cycia, kt\u00f3ry jest mo\u017cliwy przy wykorzystywaniu w diecie ryb i przetwor\u00f3w rybo\u0142\u00f3wstwa, w oparciu o polskie gatunki ryb, kt\u00f3re mog\u0105 by\u0107 zdrowym i warto\u015bciowym posi\u0142kiem.<\/p>\n\n\n\n<p>GRUPY DOCELOWE: uczniowie szk\u00f3\u0142 podstawowych klas IV-VIII wojew\u00f3dztwa zachodniopomorskiego, nauczyciele biologii w szko\u0142ach podstawowych, wybrane grupy\/kluby sportowe wojew\u00f3dztwa zachodniopomorskiego, rodzice i dzieci zainteresowani zdrowym od\u017cywianiem i diet\u0105 opart\u0105 o produkty z ryb, mieszka\u0144cy i go\u015bcie odwiedzaj\u0105cy Pomorze Zachodnie \u2013 [Eventy], osoby zainteresowane zdrowym trybem \u017cycia i pozyskiwaniem warto\u015bciowego posi\u0142ku z lokalnych produkt\u00f3w (ryby po\u0142awiane w Polsce oraz wytwarzane w kraju przetwory z ryb) [kampania reklamowa w internecie\/radio i TV], lokalne grupy rybackie oraz producenci produkt\u00f3w pochodz\u0105cych z polskiego rybo\u0142\u00f3wstwa<\/p>\n\n\n\n<p>ZAKRES DZIA\u0141A\u0143 w ramach projektu:<\/p>\n\n\n\n<ul class=\"wp-block-list\">\n<li>przygotowane zostan\u0105 multimedialne lekcje biologii, kt\u00f3re w ciekawy i nowoczesny spos\u00f3b przeka\u017c\u0105 wiedz\u0119 na temat ryb, ich \u015brodowiska, sposob\u00f3w rozmna\u017cania oraz \u017cycia.<\/li>\n\n\n\n<li>multimedialne lekcje zostan\u0105 przeprowadzone w wybranych szko\u0142ach wojew\u00f3dztwa zachodniopomorskiego wraz z postawieniem w nich specjalnych przestrzeni \/ stref do audiowizualnego odbioru przekazywanych tre\u015bci zawieraj\u0105ce sp\u00f3jne oznaczenia graficzne wraz z odpowiednim sprz\u0119tem audiowizualnym (ekrany, pylony, itp)<\/li>\n\n\n\n<li>powstanie multimedialny kontent wiedzy (filmy, wyk\u0142ady, informacje d\u017awi\u0119kowe, interaktywne zabawy) \u2013 do wykorzystania na lekcjach biologii wraz z kartami pracy dla nauczycieli i e-bookiem, kt\u00f3re znajd\u0105 si\u0119 r\u00f3wnie\u017c na stronie internetowej projektu, kt\u00f3ra zostanie uaktualniona o nowe materia\u0142y.<\/li>\n\n\n\n<li>przeprowadzone zostan\u0105 konsultacje z dietetykami dla dzieci wraz ze wskaz\u00f3wkami, co do ich diety dla rodzic\u00f3w.<\/li>\n\n\n\n<li>w wybranych klubach sportowych zostan\u0105 przeprowadzone lekcje, w ramach kt\u00f3rych odb\u0119d\u0105 si\u0119 zaj\u0119cia sportowe oraz spotkanie z dietetykiem. Przygotowane zostan\u0105 broszury informacyjne z diet\u0105 m\u0142odego sportowca.<\/li>\n\n\n\n<li>zorganizowane zostan\u0105 dwa eventy promuj\u0105ce ide\u0119 akcji i podsumowuj\u0105ce akcj\u0119.<\/li>\n\n\n\n<li>przeprowadzona zostanie og\u00f3lnopolska kampania promocyjna w radiu i internecie oraz akcja reklamowa w lokalnym oddziale TVP (TVP3 Szczecin)<\/li>\n\n\n\n<li>zrealizowany zostanie Teleturniej wiedzy dla uczni\u00f3w ze szk\u00f3\u0142, kt\u00f3re uczestniczy\u0142y w lekcjach biologii. Teleturniej zostanie wyemitowanym w TVP 3 Szczecin.<\/li>\n<\/ul>\n\n\n\n<p>EFEKTY, REZULTATY: dotarcie z ciekaw\u0105 i nowoczesn\u0105 wiedz\u0105 na temat ryb do uczni\u00f3w z oko\u0142o 30 szk\u00f3\u0142 wojew\u00f3dztwa zachodniopomorskiego, wsparcie nauczycieli biologii z wy\u017cej wymienionych szk\u00f3\u0142 oraz z innych szk\u00f3\u0142 w Polsce poprzez materia\u0142 dost\u0119pny na internetowej stronie projektu, dotarcie z wiedz\u0105 na temat polskich ryb do odbiorc\u00f3w w ca\u0142ej Polsce, dzi\u0119ki kampaniom w internecie, radiu i TV.<\/p>\n\n\n\n<p>Warto\u015b\u0107 projektu:&nbsp;<strong>7 410 931,00 z\u0142<\/strong><\/p>\n\n\n\n<p>Wysoko\u015b\u0107 wk\u0142adu Funduszy Europejskich:&nbsp;<strong>5 187 651,70 z\u0142<\/strong><\/p>\n\n\n\n<p>Adres internetowy strony programu&nbsp;<a href=\"http:\/\/www.rybactwo.gov.pl\/\"><strong>www.rybactwo.gov.pl<\/strong><\/a><\/p>\n\n\n\n<p><strong>&nbsp;#FunduszeEuropejskie<\/strong><\/p>\n\n\n\n<p><strong># FunduszeEuropejskiedlaRybactwa<\/strong><\/p>\n\n\n\n<p><strong>#rybactwo<\/strong><\/p>\n\n\n\n<p><strong>#EFMRA<\/strong><\/p>\n","protected":false},"excerpt":{"rendered":"<p>Kampania edukacyjno-promocyjna \u201eWolin z ryb\u0105 na talerzu\u201d wsp\u00f3\u0142finansowana jest ze \u015brodk\u00f3w Unii Europejskiej, w ramach programu \u201eFundusze Europejskie dla Rybactwa na lata 2021-2027\u201d Operacja dotyczy przeprowadzenia kampanii edukacyjno \u2013 promocyjno \u2013 informuj\u0105cej poprzez edukacj\u0119, og\u00f3lnopolsk\u0105 promocj\u0119 w TV, radiu i internecie oraz poprzez sport i eventy. Celem kampanii jest promocja wiedzy na temat ryb \u017cyj\u0105cych [&hellip;]<\/p>\n","protected":false},"author":1,"featured_media":0,"parent":0,"menu_order":0,"comment_status":"closed","ping_status":"closed","template":"page-no-title","meta":{"footnotes":""},"class_list":["post-243","page","type-page","status-publish","hentry"],"_links":{"self":[{"href":"https:\/\/zrzeszenierybakow.pl\/index.php?rest_route=\/wp\/v2\/pages\/243","targetHints":{"allow":["GET"]}}],"collection":[{"href":"https:\/\/zrzeszenierybakow.pl\/index.php?rest_route=\/wp\/v2\/pages"}],"about":[{"href":"https:\/\/zrzeszenierybakow.pl\/index.php?rest_route=\/wp\/v2\/types\/page"}],"author":[{"embeddable":true,"href":"https:\/\/zrzeszenierybakow.pl\/index.php?rest_route=\/wp\/v2\/users\/1"}],"replies":[{"embeddable":true,"href":"https:\/\/zrzeszenierybakow.pl\/index.php?rest_route=%2Fwp%2Fv2%2Fcomments&post=243"}],"version-history":[{"count":5,"href":"https:\/\/zrzeszenierybakow.pl\/index.php?rest_route=\/wp\/v2\/pages\/243\/revisions"}],"predecessor-version":[{"id":308,"href":"https:\/\/zrzeszenierybakow.pl\/index.php?rest_route=\/wp\/v2\/pages\/243\/revisions\/308"}],"wp:attachment":[{"href":"https:\/\/zrzeszenierybakow.pl\/index.php?rest_route=%2Fwp%2Fv2%2Fmedia&parent=243"}],"curies":[{"name":"wp","href":"https:\/\/api.w.org\/{rel}","templated":true}]}}