{"id":48,"date":"2025-04-28T21:14:28","date_gmt":"2025-04-28T19:14:28","guid":{"rendered":"https:\/\/zrzeszenierybakow.pl\/?page_id=48"},"modified":"2025-05-02T21:22:16","modified_gmt":"2025-05-02T19:22:16","slug":"statut-zrzeszenia","status":"publish","type":"page","link":"https:\/\/zrzeszenierybakow.pl\/?page_id=48","title":{"rendered":"Statut Zrzeszenia"},"content":{"rendered":"\n<div class=\"wp-block-group alignfull has-global-padding is-layout-constrained wp-container-core-group-is-layout-d89aad35 wp-block-group-is-layout-constrained\" style=\"margin-top:0;margin-bottom:0;padding-top:var(--wp--preset--spacing--50);padding-right:var(--wp--preset--spacing--50);padding-bottom:var(--wp--preset--spacing--50);padding-left:var(--wp--preset--spacing--50)\">\n<pre class=\"wp-block-preformatted\">Zrzeszenia Rybak\u00f3w Zalew\u00f3w<br>Szczeci\u0144skiego, Kamie\u0144skiego<br>i Jeziora D\u0105bie<br> <br><br>ROZDZIA\u0141 I<br>Przepisy og\u00f3lne<br> <br>\u00a7 1<br><br>Stowarzyszenie, zwane dalej \u201cZrzeszeniem\u201d, nosi nazw\u0119 \u201cZrzeszenia Rybak\u00f3w Zalew\u00f3w Szczeci\u0144skiego, Kamie\u0144skiego i Jeziora D\u0105bie\u201d.<br><br>\u00a7 2<br><br>Zrzeszenie jest stowarzyszeniem zarejestrowanym i dzia\u0142aj\u0105cym w oparciu o ustaw\u0119 z dnia 7 kwietnia 1989 roku \/Dz.U. Nr 20, poz. 104 z p\u00f3\u017an. zm.\/ oraz posiadaj\u0105cym osobowo\u015b\u0107 prawn\u0105.<br><br>\u00a7 3<br><br>Zrzeszenie dzia\u0142a na terenie wojew\u00f3dztwa zachodniopomorskiego.<br><br>\u00a7 4<br><br>Siedzib\u0105 zrzeszenia jest Trzebie\u017c, wojew\u00f3dztwo zachodniopomorskie.<br><br>\u00a7 5<br><br>Zrzeszenie mo\u017ce by\u0107 cz\u0142onkiem krajowych i mi\u0119dzynarodowych organizacji o charakterze stowarzysze\u0144, kt\u00f3rych statutowym celem jest rozw\u00f3j gospodarki Pomorza Zachodniego.<br><br>\u00a7 6<br><br>Zrzeszenie u\u017cywa piecz\u0119ci oraz oznak organizacyjnych z zachowaniem obowi\u0105zuj\u0105cych przepis\u00f3w prawa.<br><br> <br><br>ROZDZIA\u0141 II<br>Cele zrzeszenia i sposoby jego realizacji<br> <br>\u00a7 7<br><br>Celem zrzeszenia jest:<br><br>1) reprezentacja Cz\u0142onk\u00f3w Zrzeszenia wobec w\u0142adz gminnych i wojew\u00f3dzkich oraz innych w\u0142adz administracyjnych;<br><br>2) obrona interes\u00f3w Cz\u0142onk\u00f3w Zrzeszenia;<br><br>3) popieranie dzia\u0142a\u0144 wszelkich organizacji oraz dzia\u0142a\u0144 w\u0142adz gminnych i wojew\u00f3dzkich dotycz\u0105cych gospodarczego rozwoju w\u00f3d \u015br\u00f3dl\u0105dowych i morskich w\u00f3d wewn\u0119trznych, ochrony ich zasob\u00f3w i ochrony \u015brodowiska naturalnego, z uwzgl\u0119dnieniem zasad racjonalnej gospodarki rybackiej;<br><br>4) wydawanie opinii w przedmiocie spraw dotycz\u0105cych rybostanu i pozosta\u0142ych spraw zwi\u0105zanych z po\u0142owami oraz ochrony \u015brodowiska.<br><br>\u00a7 8<br><br>1. Okre\u015blone Statutem cele Zrzeszenie realizuj\u0119 poprzez:<br><br>a. Wyst\u0119powanie wobec w\u0142adz gminnych i wojew\u00f3dzkich w sprawach dotycz\u0105cych organizacji dzia\u0142alno\u015bci po\u0142owowej na terenie pozostaj\u0105cym w zainteresowaniu Cz\u0142onk\u00f3w Zrzeszenia<br><br>b. Udzia\u0142 w sesjach rad gmin lub inspirowanie wyst\u0105pie\u0144 radnych oraz przedstawicieli administracji rz\u0105dowej, pos\u0142\u00f3w oraz senator\u00f3w, w zakresie dotycz\u0105cym polityki w\u0142adz administracyjnych i samorz\u0105dowych w aferze organizacji dzia\u0142alno\u015bci po\u0142owowej z uwzgl\u0119dnieniem zasad racjonalnej gospodarki rybackiej.<br><br>c. Zajmowanie stanowiska publicznego w zakresie plan\u00f3w rozwoju gospodarczego i turystycznego Pomorza Zachodniego  ze szczeg\u00f3lnym uwzgl\u0119dnieniem ochrony w\u00f3d zalew\u00f3w i jezior.<br><br> <br><br>ROZDZIA\u0141 III<br>Cz\u0142onkowie Zrzeszenia<br> <br>\u00a7 9<br><br>1. Cz\u0142onkiem Zrzeszenia mo\u017ce by\u0107 ka\u017cda osoba fizyczna, uprawiaj\u0105ca czynnie zaw\u00f3d rybaka, albo osoba, kt\u00f3ra zaw\u00f3d taki uprawia\u0142a, a pozostaje obecnie na emeryturze lub rencie.<br><br>2. Cz\u0142onkiem wspieraj\u0105cym Zrzeszenie mo\u017ce by\u0107 osoba prawna, kt\u00f3rej przedmiot dzia\u0142ania jest zwi\u0105zany z gospodark\u0105 ryback\u0105.<br><br>\u00a7 10<br><br>Udzia\u0142 w Zrzeszeniu jest dobrowolny. Ka\u017cdy cz\u0142onek mo\u017ce w dowolnym czasie wyst\u0105pi\u0107 ze Zrzeszenia, poprzez z\u0142o\u017cenie pisemnej rezygnacji.<br><br>\u00a7 11<br><br>1. Przyj\u0119cie do Zrzeszenia nast\u0119puje na podstawie uchwa\u0142y Rady Zrzeszenia, na najbli\u017cszym posiedzeniu tej rady, po z\u0142o\u017ceniu przez zainteresowan\u0105 osob\u0119 deklaracji cz\u0142onkowskiej, zawieraj\u0105cej o\u015bwiadczenie o zamiarze przyst\u0105pienia do Zrzeszenia.<br><br>Z\u0142o\u017cenie deklaracji nie dotyczy cz\u0142onk\u00f3w za\u0142o\u017cycieli.<br><br>2.  W przypadku podj\u0119cia przez Rad\u0119 Zrzeszenia decyzji odmawiaj\u0105cej przyj\u0119cia do zrzeszenia, zainteresowany mo\u017ce w terminie 14 dni od daty powzi\u0119cia wiadomo\u015bci o uchwale rady, z\u0142o\u017cy\u0107 odwo\u0142anie do Walnego Zebrania Cz\u0142onk\u00f3w. Rada Zrzeszenia zobowi\u0105zana jest do umieszczenia tej sprawy w przypadku obrad najbli\u017cszego Walnego Zebrania Cz\u0142onk\u00f3w. Rada powiadamia zainteresowan\u0105 osob\u0119 o terminie Zebrania.<br><br>\u00a7 12<br><br>Ustanie cz\u0142onkostwa nast\u0119puje w przypadku:<br><br>1) rezygnacji Cz\u0142onka z udzia\u0142u w Zrzeszeniu;<br><br>2) \u015bmierci Cz\u0142onka lub likwidacji osoby prawnej;<br><br>3) rezygnacji z uprawnienia zawodu rybaka, przy czym nie dotyczy to Cz\u0142onk\u00f3w, kt\u00f3rzy przeszli na emerytur\u0119 lub rent\u0119;<br><br>4) wykluczenie Cz\u0142onka ze Zrzeszenia z powodu nieusprawiedliwionej zw\u0142oki w op\u0142acaniu sk\u0142adek cz\u0142onkowskich, trwaj\u0105cej d\u0142u\u017cej ni\u017c 60 dni.<br><br>5) wykluczenie Cz\u0142onka ze Zrzeszenia na skutek podejmowania dzia\u0142a\u0144 przeciw celom Zrzeszenia, niegodnych rybaka lub ra\u017c\u0105cego \u0142amania przepis\u00f3w prawa reguluj\u0105cych zasady rybo\u0142\u00f3wstwa;<br><br>6) skre\u015blenie Cz\u0142onka wspieraj\u0105cego w przypadku podj\u0119cia przez niego dzia\u0142a\u0144 sprzecznych z celami Zrzeszenia<br><br>\u00a7 13<br><br>1. Ustanie cz\u0142onkostwa stwierdza Rada Zrzeszenia. W przypadku wyst\u0105pienia zdarze\u0144 uzasadniaj\u0105cych zastosowanie wykluczenia Cz\u0142onka, Rada Zrzeszenia podejmuje uchwa\u0142\u0119 o wykluczeniu i powiadamia o tym pisemnie Cz\u0142onka, dor\u0119czaj\u0105c mu r\u00f3wnie\u017c uzasadnienie takiej decyzji oraz powiadamiaj\u0105c o mo\u017cliwo\u015bci z\u0142o\u017cenia odwo\u0142ania od Walnego Zebrania Cz\u0142onk\u00f3w w terminie 30 dni od daty dor\u0119czenia decyzji o wykluczeniu.<br><br>2. Najbli\u017csze Walne Zebranie Cz\u0142onk\u00f3w utrzymuje w mocy uchwa\u0142\u0119 Rady b\u0105d\u017a j\u0105 uchyla. O terminie Zebrania powiadamia si\u0119 listem poleconym Cz\u0142onka, kt\u00f3rego uchwa\u0142a dotyczy.<br><br>3. Przez czas od z\u0142o\u017cenia odwo\u0142ania do dnia podj\u0119cia uchwa\u0142y Walnego Zebrania, cz\u0142onek nie jest obowi\u0105zany do p\u0142acenia sk\u0142adek. W przypadku uchwa\u0142y uchylaj\u0105cej wykluczenie ma on obowi\u0105zek zap\u0142acenia sk\u0142adek za ca\u0142y czas pozostawiania Cz\u0142onkiem Zrzeszenia.<br><br>\u00a7 14<br><br>1. Cz\u0142onek Zrzeszenia ma prawo do:<br><br>a. Czynnego udzia\u0142u w dzia\u0142alno\u015bci Zrzeszenia.<br><br>b. Korzystania z ochrony Zrzeszenia w zakresie prowadzonej przez niego dzia\u0142alno\u015bci po\u0142owowej i wyst\u0119powania Zrzeszenia w jego imieniu wobec wszelkich os\u00f3b trzecich- z wy\u0142\u0105czeniem Cz\u0142onk\u00f3w wspieraj\u0105cych.<br><br>c. Wybierania i bycia wybieranym do wszelkich w\u0142adz Zrzeszenia.<br><br>d. Uczestniczeniu w Walnym Zebraniu Cz\u0142onk\u00f3w Zrzeszenia z prawem g\u0142osu.<br><br>\u00a7 15<br><br>Cz\u0142onek Zrzeszenia zobowi\u0105zany jest do:<br><br>1) Udzia\u0142u w pracach Zrzeszenia.<br><br>2) Regularnego uiszczania sk\u0142adek cz\u0142onkowskich b\u0105d\u017a zadeklarowanych \u015bwiadcze\u0144 w przypadku Cz\u0142onka wspieraj\u0105cego.<br><br>3) Powiadamiania Rady Zrzeszenia o wszelkich zmianach. Jego statusu jako podmiotu gospodarczego mog\u0105cych mie\u0107 zwi\u0105zek z zasadami okre\u015blonymi w \u00a7 9.<br><br>4) Przestrzegania Statutu Zrzeszenia.<br><br><br>ROZDZIA\u0141 IV<br>W\u0142adze Zrzeszenia<br> <br>\u00a7 16<br><br>W\u0142adzami Zrzeszenia s\u0105:<br><br>1) Walne Zebranie Cz\u0142onk\u00f3w.<br><br>2) Rada Zrzeszenia<br><br>3) Komisja Rewizyjna.<br><br>\u00a7 17<br><br>Walne Zebranie Cz\u0142onk\u00f3w jest najwy\u017csz\u0105 w\u0142adz\u0105 Zrzeszenia. Zwo\u0142ywane jest ono co najmniej i raz w roku, nie p\u00f3\u017aniej ni\u017c w ostatnim dniu marca. Mo\u017cliwe jest zwo\u0142ywanie Nadzwyczajnego Walnego Zebrania Cz\u0142onk\u00f3w. Prawo to przys\u0142uguje Radzie Zrzeszenia, Komisji Rewizyjnej oraz co najmniej 51% Cz\u0142onk\u00f3w, kt\u00f3rzy z\u0142o\u017c\u0105 Radzie pisemnie umotywowany wniosek. Rada Zrzeszenia obowi\u0105zana jest zwo\u0142a\u0107 Nadzwyczajne Walne Zebranie Cz\u0142onk\u00f3w w ci\u0105gu 30 dni od daty otrzymania wniosku.<br><br>\u00a7 18<br><br>Rada Zrzeszenia obowi\u0105zana jest powiadomi\u0107 o terminie Walnego Zebrania Cz\u0142onk\u00f3w poprzez wywieszenie zawiadomienia na tablicach we wszystkich bazach rybackich, nie p\u00f3\u017aniej ni\u017c 7 dni przed terminem Zebrania lub poprzez przes\u0142anie zawiadomienia poczt\u0105.<br><br>\u00a7 19<br><br>Do kompetencji Walnego Zebrania Cz\u0142onk\u00f3w nale\u017cy:<br><br>a. wyb\u00f3r Rady Zrzeszenia i Komisji Rewizyjnej<br><br>b. rozpatrywanie i zatwierdzanie sprawozda\u0144 Rady Zrzeszenia i Komisji Rewizyjnej<br><br>c. udzielanie absolutorium ust\u0119puj\u0105cej radzie Zrzeszenia<br><br>d. dokonywanie zmian Statutu lub przepis\u00f3w prawa<br><br>f. ustalenie strategicznych kierunk\u00f3w dzia\u0142alno\u015bci Zrzeszenia.<br><br>\u00a7 20<br><br>Uchwa\u0142y Walnego Zebrania Cz\u0142onk\u00f3w s\u0105 wa\u017cne je\u017celi zosta\u0142y podj\u0119te zwyk\u0142\u0105 wi\u0119kszo\u015bci\u0105 g\u0142os\u00f3w bez wzgl\u0119du na ilo\u015b\u0107 obecnych na Zebraniu. Zmiana Statutu i uchwa\u0142a o rozwi\u0105zaniu Zrzeszenia wymagaj\u0105 obecno\u015bci co najmniej po\u0142owy Cz\u0142onk\u00f3w Zrzeszenia. Jednak\u017ce w przypadku braku tak okre\u015blonego quorum Rada zwo\u0142a ponownie Walne Zebranie Cz\u0142onk\u00f3w z porz\u0105dkiem obrad zawieraj\u0105cym te same propozycje zmiany Statutu i podj\u0119te uchwa\u0142y b\u0119d\u0105 skuteczne bez wzgl\u0119du na ilo\u015b\u0107 Cz\u0142onk\u00f3w obecnych na Zebraniu.<br><br>\u00a7 21<br><br>Rada Zrzeszenia stanowi jego zarz\u0105d. W sk\u0142ad Rady wchodzi od trzech do dziesi\u0119ciu cz\u0142onk\u00f3w- ilo\u015b\u0107 cz\u0142onk\u00f3w Rady na dan\u0105 kadencj\u0119 ka\u017cdorazowo ustala Walne Zebranie Cz\u0142onk\u00f3w. W sk\u0142adzie Rady powinien by\u0107 przynajmniej jeden przedstawiciel ka\u017cdej bazy rybackiej, chyba, \u017ce \u017caden z przedstawicieli bazy nie wyrazi zgody na udzia\u0142 w Radzie. W przypadku zmniejszenia ilo\u015bci cz\u0142onk\u00f3w Rady w trakcie kadencji Rada mo\u017ce uzupe\u0142ni\u0107 sw\u00f3j sk\u0142ad do ilo\u015bci cz\u0142onk\u00f3w ustalonej na dan\u0105 kadencj\u0119 w drodze dokooptowania spo\u015br\u00f3d Cz\u0142onk\u00f3w Zrzeszenia, jednak nie wi\u0119cej ni\u017c trzech cz\u0142onk\u00f3w. Kadencja Rady trwa jeden rok. Kadencja Rady trwa jeden rok. Cz\u0142onkowie Rady Zrzeszenia pe\u0142ni\u0105 swe funkcje spo\u0142ecznie za wyj\u0105tkiem okre\u015blonym w \u00a7 27.<br><br>\u00a7 22<br><br>Posiedzenia Rady Zrzeszenia odbywaj\u0105 si\u0119 co najmniej 1 raz w miesi\u0105cu. Rada podejmuje swe uchwa\u0142y zwyk\u0142\u0105 wi\u0119kszo\u015bci\u0105 g\u0142os\u00f3w. W przypadku r\u00f3wno\u015bci decyduj\u0105cy g\u0142os nale\u017cy do Prezesa Zrzeszenia. Quorum stanowi\u0105ce o wa\u017cno\u015bci uchwa\u0142 wynosi przy ilo\u015bci trzech lub czterech cz\u0142onkach Rady dw\u00f3ch, przy pi\u0119ciu trzech, a przy wi\u0119kszej ilo\u015bci co najmniej po\u0142ow\u0119.<br><br>\u00a7 23<br><br>Do zada\u0144 Rady Zrzeszenia nale\u017cy kierowanie ca\u0142okszta\u0142tem dzia\u0142a\u0144 Zrzeszenia oraz ustalenie ich bie\u017c\u0105cych kierunk\u00f3w oraz sposob\u00f3w realizacji, a tak\u017ce ustalenie wysoko\u015bci sk\u0142adek cz\u0142onkowskich, stosuj\u0105c zasad\u0119, \u017ce Cz\u0142onkowie Zrzeszenia pozostaj\u0105cy na emeryturze lub rencie op\u0142acaj\u0105 sk\u0142adki w 1\/2 ustalonej wysoko\u015bci. Pierwsz\u0105 wysoko\u015b\u0107 sk\u0142adek przy uwzgl\u0119dnieniu wy\u017cej opisanej zasady ustala Pierwsze Walne Zebranie Cz\u0142onk\u00f3w.<br><br>\u00a7 24<br><br>Pracami Rady Zrzeszenia kieruje Prezes Zrzeszenia, kt\u00f3ry wybierany jest przez Rad\u0119 spo\u015br\u00f3d Cz\u0142onk\u00f3w Rady. Prezes Zrzeszenia reprezentuje je na zewn\u0105trz i w jego imieniu zaci\u0105ga zobowi\u0105zania. Kadencja Prezesa trwa jeden rok.<br><br>\u00a7 25<br><br>Prezes Zrzeszenia obowi\u0105zany jest zwo\u0142a\u0107 posiedzenie Rady i uzyska\u0107 jej akceptacj\u0119 dla zaci\u0105gni\u0119cia zobowi\u0105za\u0144 przekraczaj\u0105cych sw\u0105 warto\u015bci\u0105 wysoko\u015b\u0107 wp\u0142yw\u00f3w ze sk\u0142adek z poprzedniego miesi\u0105ca.<br><br>\u00a7 26<br><br>Prezes Zrzeszenia mo\u017ce zosta\u0107 odwo\u0142any uchwa\u0142\u0105 Rady Zrzeszenia podj\u0119t\u0105 zgodnie z zasadami okre\u015blonymi w \u00a7 22.<br><br>\u00a7 27<br><br>Prezes Zrzeszenia mo\u017ce pe\u0142ni\u0107 funkcje spo\u0142ecznie albo te\u017c mo\u017ce mu zosta\u0107 przyznane wynagrodzenie, kt\u00f3rego wysoko\u015b\u0107 okre\u015bli Rada Zrzeszenia.<br><br>\u00a7 28<br><br>Komisja Rewizyjna jest organem kontroli wewn\u0119trznej Zrzeszenia. W sk\u0142ad Komisji Rewizyjnej wchodzi od trzech do pi\u0119ciu cz\u0142onk\u00f3w- ilo\u015b\u0107 cz\u0142onk\u00f3w Komisji na dan\u0105 kadencj\u0119 ustala Walne Zebranie Cz\u0142onk\u00f3w. Uzupe\u0142nienie sk\u0142adu Komisji w przypadku jego zmniejszenia nast\u0119puje w spos\u00f3b okre\u015blony w \u00a7 21. Pracami Komisji Rewizyjnej kieruje Przewodnicz\u0105cy wybierany przez jej cz\u0142onk\u00f3w. Cz\u0142onkowie Komisji pe\u0142ni\u0105 swe funkcje spo\u0142ecznie.<br><br>\u00a7 29<br><br>Do zada\u0144 Komisji Rewizyjnej nale\u017cy sprawowanie kontroli pracy Rady Zrzeszenia i Prezesa Zrzeszenia pod k\u0105tem dyscypliny finansowej i cel\u00f3w statutowych. Wyniki swych kontroli Komisja przedstawia Radzie Zrzeszenia a na Walnych Zgromadzeniach Cz\u0142onk\u00f3w sprawozdania z dzia\u0142a\u0144 kontrolnych.<br><br> <br><br>ROZDZIA\u0141 V<br>Maj\u0105tek Zrzeszenia<br> <br>\u00a7 30<br><br>Maj\u0105tek Zrzeszenia stanowi\u0105 sk\u0142adki cz\u0142onkowskie, darowizny, spadki i zapisy oraz wp\u0142ywy z w\u0142asnej dzia\u0142alno\u015bci.<br><br>\u00a7 31<br><br>Zrzeszenie mo\u017ce prowadzi\u0107 dzia\u0142alno\u015b\u0107 gospodarcz\u0105, z kt\u00f3rej wp\u0142ywy mog\u0105 by\u0107 przeznaczone jedynie na cele statutowe.<br><br> <br><br>ROZDZIA\u0141 VI<br>Rozwi\u0105zanie Zrzeszenia<br> <br>\u00a7 32<br><br>Rozwi\u0105zanie Zrzeszenia nast\u0119puje w przypadkach okre\u015blonych w prawie o stowarzyszeniach oraz w przypadku podj\u0119cia uchwa\u0142y w tym przedmiocie przez Walne Zebranie Cz\u0142onk\u00f3w.<br><br>\u00a7 33<br><br>Likwidacja Zrzeszenia odbywa si\u0119 w trybie przewidzianym przepisami prawa o stowarzyszeniach.<br><br> <br><br>ROZDZIA\u0141 VII<br>Przepisy ko\u0144cowe<br> <br>\u00a7 34<br><br>W kwestiach nieuregulowanych niniejszym Statutem stosuje si\u0119 przepisy prawa o stowarzyszeniach.<br><br>\u00a7 35<br><br>Statut niniejszy zosta\u0142 uchwalony przez Zebranie Za\u0142o\u017cycieli Zrzeszenia w dniu 17 kwietnia 1994 roku.<\/pre>\n<\/div>\n","protected":false},"excerpt":{"rendered":"<p>Zrzeszenia Rybak\u00f3w Zalew\u00f3wSzczeci\u0144skiego, Kamie\u0144skiegoi Jeziora D\u0105bie ROZDZIA\u0141 IPrzepisy og\u00f3lne \u00a7 1Stowarzyszenie, zwane dalej \u201cZrzeszeniem\u201d, nosi nazw\u0119 \u201cZrzeszenia Rybak\u00f3w Zalew\u00f3w Szczeci\u0144skiego, Kamie\u0144skiego i Jeziora D\u0105bie\u201d.\u00a7 2Zrzeszenie jest stowarzyszeniem zarejestrowanym i dzia\u0142aj\u0105cym w oparciu o ustaw\u0119 z dnia 7 kwietnia 1989 roku \/Dz.U. Nr 20, poz. 104 z p\u00f3\u017an. zm.\/ oraz posiadaj\u0105cym osobowo\u015b\u0107 prawn\u0105.\u00a7 3Zrzeszenie dzia\u0142a na [&hellip;]<\/p>\n","protected":false},"author":1,"featured_media":0,"parent":0,"menu_order":0,"comment_status":"closed","ping_status":"closed","template":"","meta":{"footnotes":""},"class_list":["post-48","page","type-page","status-publish","hentry"],"_links":{"self":[{"href":"https:\/\/zrzeszenierybakow.pl\/index.php?rest_route=\/wp\/v2\/pages\/48","targetHints":{"allow":["GET"]}}],"collection":[{"href":"https:\/\/zrzeszenierybakow.pl\/index.php?rest_route=\/wp\/v2\/pages"}],"about":[{"href":"https:\/\/zrzeszenierybakow.pl\/index.php?rest_route=\/wp\/v2\/types\/page"}],"author":[{"embeddable":true,"href":"https:\/\/zrzeszenierybakow.pl\/index.php?rest_route=\/wp\/v2\/users\/1"}],"replies":[{"embeddable":true,"href":"https:\/\/zrzeszenierybakow.pl\/index.php?rest_route=%2Fwp%2Fv2%2Fcomments&post=48"}],"version-history":[{"count":5,"href":"https:\/\/zrzeszenierybakow.pl\/index.php?rest_route=\/wp\/v2\/pages\/48\/revisions"}],"predecessor-version":[{"id":213,"href":"https:\/\/zrzeszenierybakow.pl\/index.php?rest_route=\/wp\/v2\/pages\/48\/revisions\/213"}],"wp:attachment":[{"href":"https:\/\/zrzeszenierybakow.pl\/index.php?rest_route=%2Fwp%2Fv2%2Fmedia&parent=48"}],"curies":[{"name":"wp","href":"https:\/\/api.w.org\/{rel}","templated":true}]}}